{"id":731,"date":"2026-01-20T09:55:03","date_gmt":"2026-01-20T08:55:03","guid":{"rendered":"https:\/\/www.sion-avocat.fr\/?page_id=731"},"modified":"2026-03-30T18:37:27","modified_gmt":"2026-03-30T16:37:27","slug":"mentions-legales","status":"publish","type":"page","link":"https:\/\/www.sion-avocat.fr\/fr\/mentions-legales\/","title":{"rendered":"Mentions l\u00e9gales"},"content":{"rendered":"\n<h2 class=\"wp-block-heading\">Publication<\/h2>\n\n\n\n<p>Le pr\u00e9sent site web, accessible \u00e0 l\u2019adresse www.sion-avocat.fr est \u00e9dit\u00e9 par le Cabinet Sion AVOCATS &amp; ASSOCI\u00c9S, inscrit au registre du commerce et des soci\u00e9t\u00e9s de MARSEILLE sous le num\u00e9ro 809 832 637 00049, dont le si\u00e8ge social est situ\u00e9 au 565 avenue du Prado, 13008 MARSEILLE.<\/p>\n\n\n\n<p>T\u00e9l : 07 68 45 87 67 &#8211; adresse \u00e9lectronique : contact@sion-avocat.fr<\/p>\n\n\n\n<p>Le Cabinet Sion AVOCATS &amp; ASSOCI\u00c9S est un cabinet d&rsquo;avocat fiscaliste intervenant en droit fiscal et douanier des particuliers et des entreprises, droit des entreprises en difficult\u00e9 et en tant qu\u2019avocat mandataire immobilier, dont l\u2019Avocat est inscrit au Barreau de MARSEILLE, et est ainsi rattach\u00e9 \u00e0 l\u2019Ordre des avocats du barreau de MARSEILLE (France).<\/p>\n\n\n\n<p>Ma\u00eetre Ya\u00ebl Sion est soumise au r\u00e8glement int\u00e9rieur du barreau de MARSEILLE et au r\u00e8glement int\u00e9rieur national dans leur version applicable ainsi qu\u2019aux dispositions l\u00e9gislatives et r\u00e8glementaires relatives \u00e0 la profession d\u2019avocat.<\/p>\n\n\n\n<h2 class=\"wp-block-heading\">H\u00e9bergement<\/h2>\n\n\n\n<p>Gandi<br>www.gandi.net\/fr<\/p>\n\n\n\n<h2 class=\"wp-block-heading\">M\u00e9diation<\/h2>\n\n\n\n<p>Conform\u00e9ment aux dispositions des articles L.612-1 et suivants du Code de la consommation, vous avez la possibilit\u00e9, en cas de litige, de recourir gratuitement au M\u00e9diateur de la consommation aupr\u00e8s du Conseil National des Barreaux (CNB) dont les coordonn\u00e9es sont les suivantes : CNB, M\u00e9diateur \u00e0 la consommation, 180 boulevard Haussmann &#8211; 75008 PARIS.<\/p>\n\n\n\n<p>Pour plus d&rsquo;information, vous pouvez vous connecter sur la plateforme : https:\/\/www.economie.gouv.fr\/mediation-conso<\/p>\n\n\n\n<h2 class=\"wp-block-heading\">Droits de propri\u00e9t\u00e9 intellectuelle<\/h2>\n\n\n\n<p>Le site Web est prot\u00e9g\u00e9 par les droits de propri\u00e9t\u00e9 intellectuelle et est la propri\u00e9t\u00e9 exclusive du Cabinet Sion AVOCATS &amp; ASSOCI\u00c9S. La conception, le graphisme, le contenu, l&rsquo;organisation de ce site sont des \u0153uvres originales et sont l&rsquo;enti\u00e8re propri\u00e9t\u00e9 du Cabinet Sion AVOCATS &amp; ASSOCI\u00c9S. Toute reproduction, ou d\u00e9marquage, total ou partiel, fait sans le consentement de l&rsquo;auteur, ou de ses ayants droit, ou de ses ayants cause est illicite. Il en est de m\u00eame pour la traduction, l&rsquo;adaptation, l&rsquo;arrangement par quelque proc\u00e9d\u00e9 que ce soit (Loi 57298 du 11 mars 1957).<\/p>\n\n\n\n<h2 class=\"wp-block-heading\">Liens hypertextes avec des sites tiers<\/h2>\n\n\n\n<p>Le Cabinet Sion AVOCATS &amp; ASSOCI\u00c9S n&rsquo;exerce aucun contr\u00f4le sur le contenu des sites tiers. L&rsquo;existence d&rsquo;un lien hypertexte entre Sion Avocat et un site tiers ne signifie en aucune mani\u00e8re le contr\u00f4le du contenu du site tiers par le Cabinet Sion AVOCATS &amp; ASSOCI\u00c9S.<\/p>\n\n\n\n<h2 class=\"wp-block-heading\">Exon\u00e9ration de responsabilit\u00e9<\/h2>\n\n\n\n<p>Il appartient \u00e0 l&rsquo;utilisateur de ce site de prendre toutes les mesures appropri\u00e9es de fa\u00e7on \u00e0 prot\u00e9ger ses propres donn\u00e9es et\/ou logiciels de contamination par d&rsquo;\u00e9ventuels virus circulant sur le r\u00e9seau Internet.<\/p>\n\n\n\n<h2 class=\"wp-block-heading\">Modification du site<\/h2>\n\n\n\n<p>Le Cabinet Sion AVOCATS &amp; ASSOCI\u00c9S se r\u00e9serve le droit de modifier ou de corriger le contenu de ce site et cette mention l\u00e9gale \u00e0 tout moment et ceci sans pr\u00e9avis.<\/p>\n\n\n\n<h2 class=\"wp-block-heading\">Utilisation et responsabilit\u00e9<\/h2>\n\n\n\n<p>En acc\u00e9dant au Site, l\u2019utilisateur accepte les pr\u00e9sentes conditions d\u2019utilisation. Le Cabinet Sion AVOCATS &amp; ASSOCI\u00c9S ne saurait \u00eatre tenue responsable des dommages subis par l\u2019utilisateur du Site et de ses contenus. Cette limitation de responsabilit\u00e9 s\u2019\u00e9tend \u00e0 tous les pr\u00e9judices mat\u00e9riels, financiers, informatiques, immat\u00e9riels, cons\u00e9cutifs \u00e0 l\u2019acc\u00e8s ou \u00e0 l\u2019usage de notre Site Internet et des Sites Internet li\u00e9s.<\/p>\n\n\n\n<p>Le Cabinet Sion AVOCATS &amp; ASSOCI\u00c9S d\u00e9cline \u00e9galement toute responsabilit\u00e9 pour tous dommages directs ou indirects r\u00e9sultant d\u2019une intrusion frauduleuse d\u2019un tiers ayant entra\u00een\u00e9 une modification des informations mises \u00e0 disposition sur le Site et pour tous dommages provoqu\u00e9s en raison de l\u2019acc\u00e8s de quiconque au Site ou de l\u2019impossibilit\u00e9 d\u2019y acc\u00e9der.<\/p>\n\n\n\n<h2 class=\"wp-block-heading\">Donn\u00e9es collect\u00e9es<\/h2>\n\n\n\n<p>Aucune donn\u00e9e personnelle n&rsquo;est collect\u00e9e par ce site internet via les cookies sans votre consentement. Une fois votre consentement donn\u00e9, il est valide au maximum 13 mois. Vous pouvez changer d&rsquo;avis en cliquant sur le bouton \u00ab\u00a0Gestion des cookies\u00a0\u00bb<\/p>\n\n\n\n<p>Les fichiers logs du serveur web collectent votre adresse IP \u00e0 des fins d&rsquo;\u00e9tude en cas de piratage ou d&rsquo;abus et sont conserv\u00e9es quelques semaines.<\/p>\n\n\n\n<p>Les donn\u00e9es des formulaires de ce site ne sont pas enregistr\u00e9es sans votre consentement, et peuvent \u00eatre transmises par email au gestionnaire du site. Une suppression ou une pseudonymisation est r\u00e9alis\u00e9e automatiquement apr\u00e8s 13 mois. Les fichiers logs du serveur de mail collectent votre email et votre adresse IP \u00e0 des fins d&rsquo;\u00e9tude en cas de piratage ou d&rsquo;abus et sont conserv\u00e9es quelques semaines.<\/p>\n\n\n\n<p>Les donn\u00e9es des formulaires transmises par email peuvent \u00eatre archiv\u00e9es par le gestionnaire du site sur l&rsquo;un ou plusieurs de ses ordinateurs. Pour en demander la suppression, contactez le gestionnaire du site.<\/p>\n","protected":false},"excerpt":{"rendered":"<p>Publication Le pr\u00e9sent site web, accessible \u00e0 l\u2019adresse www.sion-avocat.fr est \u00e9dit\u00e9 par le Cabinet Sion AVOCATS &amp; ASSOCI\u00c9S, inscrit au registre du commerce et des soci\u00e9t\u00e9s de MARSEILLE sous le num\u00e9ro 809 832 637 00049, dont le si\u00e8ge social est situ\u00e9 au 565 avenue du Prado, 13008 MARSEILLE. T\u00e9l : 07 68 45 87 67 [&hellip;]<\/p>\n","protected":false},"author":3,"featured_media":0,"parent":0,"menu_order":0,"comment_status":"closed","ping_status":"closed","template":"","meta":{"_acf_changed":false,"footnotes":""},"class_list":["post-731","page","type-page","status-publish","hentry"],"acf":[],"yoast_head":"<!-- This site is optimized with the Yoast SEO plugin v27.2 - https:\/\/yoast.com\/product\/yoast-seo-wordpress\/ -->\n<title>Mentions l\u00e9gales - Cabinet Sion AVOCATS &amp; ASSOCI\u00c9S<\/title>\n<meta name=\"robots\" content=\"index, follow, max-snippet:-1, max-image-preview:large, max-video-preview:-1\" \/>\n<link rel=\"canonical\" href=\"https:\/\/www.sion-avocat.fr\/fr\/mentions-legales\/\" \/>\n<meta property=\"og:locale\" content=\"fr_FR\" \/>\n<meta property=\"og:type\" content=\"article\" \/>\n<meta property=\"og:title\" content=\"Mentions l\u00e9gales - Cabinet Sion AVOCATS &amp; ASSOCI\u00c9S\" \/>\n<meta property=\"og:description\" content=\"Publication Le pr\u00e9sent site web, accessible \u00e0 l\u2019adresse www.sion-avocat.fr est \u00e9dit\u00e9 par le Cabinet Sion AVOCATS &amp; ASSOCI\u00c9S, inscrit au registre du commerce et des soci\u00e9t\u00e9s de MARSEILLE sous le num\u00e9ro 809 832 637 00049, dont le si\u00e8ge social est situ\u00e9 au 565 avenue du Prado, 13008 MARSEILLE. T\u00e9l : 07 68 45 87 67 [&hellip;]\" \/>\n<meta property=\"og:url\" content=\"https:\/\/www.sion-avocat.fr\/fr\/mentions-legales\/\" \/>\n<meta property=\"og:site_name\" content=\"Cabinet Sion AVOCATS &amp; ASSOCI\u00c9S\" \/>\n<meta property=\"article:publisher\" content=\"https:\/\/maps.app.goo.gl\/wgFyjZZdY3JC98nZA\" \/>\n<meta property=\"article:modified_time\" content=\"2026-03-30T16:37:27+00:00\" \/>\n<meta name=\"twitter:card\" content=\"summary_large_image\" \/>\n<meta name=\"twitter:label1\" content=\"Dur\u00e9e de lecture estim\u00e9e\" \/>\n\t<meta name=\"twitter:data1\" content=\"4 minutes\" \/>\n<script type=\"application\/ld+json\" class=\"yoast-schema-graph\">{\"@context\":\"https:\/\/schema.org\",\"@graph\":[{\"@type\":\"WebPage\",\"@id\":\"https:\/\/www.sion-avocat.fr\/fr\/mentions-legales\/\",\"url\":\"https:\/\/www.sion-avocat.fr\/fr\/mentions-legales\/\",\"name\":\"Mentions l\u00e9gales - Cabinet Sion AVOCATS &amp; ASSOCI\u00c9S\",\"isPartOf\":{\"@id\":\"https:\/\/www.sion-avocat.fr\/fr\/#website\"},\"datePublished\":\"2026-01-20T08:55:03+00:00\",\"dateModified\":\"2026-03-30T16:37:27+00:00\",\"breadcrumb\":{\"@id\":\"https:\/\/www.sion-avocat.fr\/fr\/mentions-legales\/#breadcrumb\"},\"inLanguage\":\"fr-FR\",\"potentialAction\":[{\"@type\":\"ReadAction\",\"target\":[\"https:\/\/www.sion-avocat.fr\/fr\/mentions-legales\/\"]}]},{\"@type\":\"BreadcrumbList\",\"@id\":\"https:\/\/www.sion-avocat.fr\/fr\/mentions-legales\/#breadcrumb\",\"itemListElement\":[{\"@type\":\"ListItem\",\"position\":1,\"name\":\"Accueil\",\"item\":\"https:\/\/www.sion-avocat.fr\/fr\/\"},{\"@type\":\"ListItem\",\"position\":2,\"name\":\"Mentions l\u00e9gales\"}]},{\"@type\":\"WebSite\",\"@id\":\"https:\/\/www.sion-avocat.fr\/fr\/#website\",\"url\":\"https:\/\/www.sion-avocat.fr\/fr\/\",\"name\":\"Cabinet Ya\u00ebl Sion & ASSOCI\u00c9S\",\"description\":\"\",\"publisher\":{\"@id\":\"https:\/\/www.sion-avocat.fr\/fr\/#organization\"},\"potentialAction\":[{\"@type\":\"SearchAction\",\"target\":{\"@type\":\"EntryPoint\",\"urlTemplate\":\"https:\/\/www.sion-avocat.fr\/fr\/?s={search_term_string}\"},\"query-input\":{\"@type\":\"PropertyValueSpecification\",\"valueRequired\":true,\"valueName\":\"search_term_string\"}}],\"inLanguage\":\"fr-FR\"},{\"@type\":[\"Organization\",\"LocalBusiness\",\"LegalService\"],\"@id\":\"https:\/\/www.sion-avocat.fr\/fr\/#organization\",\"name\":\"Cabinet Ya\u00ebl Sion & ASSOCI\u00c9S\",\"url\":\"https:\/\/www.sion-avocat.fr\/fr\/\",\"logo\":{\"@type\":\"ImageObject\",\"inLanguage\":\"fr-FR\",\"@id\":\"https:\/\/www.sion-avocat.fr\/fr\/#\/schema\/logo\/image\/\",\"url\":\"https:\/\/www.sion-avocat.fr\/wp-content\/uploads\/2025\/12\/Cabinet-sion-et-associes-v2.svg\",\"contentUrl\":\"https:\/\/www.sion-avocat.fr\/wp-content\/uploads\/2025\/12\/Cabinet-sion-et-associes-v2.svg\",\"width\":1366,\"height\":768,\"caption\":\"Cabinet Ya\u00ebl Sion & ASSOCI\u00c9S\"},\"image\":{\"@id\":\"https:\/\/www.sion-avocat.fr\/fr\/#\/schema\/logo\/image\/\"},\"sameAs\":[\"https:\/\/maps.app.goo.gl\/wgFyjZZdY3JC98nZA\",\"https:\/\/www.linkedin.com\/in\/ya%C3%ABl-sion-0a18091b3\/\"],\"telephone\":\"+33465848884\",\"address\":{\"@type\":\"PostalAddress\",\"addressCountry\":\"FR\",\"addressLocality\":\"Marseille\",\"postalCode\":\"13008\",\"streetAddress\":\"565 avenue du Prado\"},\"openingHours\":[\"Mo-Th 09:00-19:00\",\"Fr 09:00-16:00\"],\"hasMap\":\"https:\/\/maps.app.goo.gl\/wgFyjZZdY3JC98nZA\",\"founder\":[{\"@type\":\"Person\",\"name\":\"Ya\u00ebl Sion\",\"jobTitle\":\"Avocat\",\"worksFor\":{\"@id\":\"https:\/\/www.sion-avocat.fr\/fr\/#organization\"},\"sameAs\":[\"https:\/\/www.linkedin.com\/in\/ya%C3%ABl-sion-0a18091b3\/\"]}],\"foundingDate\":\"2015\"}]}<\/script>\n<!-- \/ Yoast SEO plugin. -->","yoast_head_json":{"title":"Mentions l\u00e9gales - Cabinet Sion AVOCATS &amp; ASSOCI\u00c9S","robots":{"index":"index","follow":"follow","max-snippet":"max-snippet:-1","max-image-preview":"max-image-preview:large","max-video-preview":"max-video-preview:-1"},"canonical":"https:\/\/www.sion-avocat.fr\/fr\/mentions-legales\/","og_locale":"fr_FR","og_type":"article","og_title":"Mentions l\u00e9gales - Cabinet Sion AVOCATS &amp; ASSOCI\u00c9S","og_description":"Publication Le pr\u00e9sent site web, accessible \u00e0 l\u2019adresse www.sion-avocat.fr est \u00e9dit\u00e9 par le Cabinet Sion AVOCATS &amp; ASSOCI\u00c9S, inscrit au registre du commerce et des soci\u00e9t\u00e9s de MARSEILLE sous le num\u00e9ro 809 832 637 00049, dont le si\u00e8ge social est situ\u00e9 au 565 avenue du Prado, 13008 MARSEILLE. T\u00e9l : 07 68 45 87 67 [&hellip;]","og_url":"https:\/\/www.sion-avocat.fr\/fr\/mentions-legales\/","og_site_name":"Cabinet Sion AVOCATS &amp; ASSOCI\u00c9S","article_publisher":"https:\/\/maps.app.goo.gl\/wgFyjZZdY3JC98nZA","article_modified_time":"2026-03-30T16:37:27+00:00","twitter_card":"summary_large_image","twitter_misc":{"Dur\u00e9e de lecture estim\u00e9e":"4 minutes"},"schema":{"@context":"https:\/\/schema.org","@graph":[{"@type":"WebPage","@id":"https:\/\/www.sion-avocat.fr\/fr\/mentions-legales\/","url":"https:\/\/www.sion-avocat.fr\/fr\/mentions-legales\/","name":"Mentions l\u00e9gales - Cabinet Sion AVOCATS &amp; ASSOCI\u00c9S","isPartOf":{"@id":"https:\/\/www.sion-avocat.fr\/fr\/#website"},"datePublished":"2026-01-20T08:55:03+00:00","dateModified":"2026-03-30T16:37:27+00:00","breadcrumb":{"@id":"https:\/\/www.sion-avocat.fr\/fr\/mentions-legales\/#breadcrumb"},"inLanguage":"fr-FR","potentialAction":[{"@type":"ReadAction","target":["https:\/\/www.sion-avocat.fr\/fr\/mentions-legales\/"]}]},{"@type":"BreadcrumbList","@id":"https:\/\/www.sion-avocat.fr\/fr\/mentions-legales\/#breadcrumb","itemListElement":[{"@type":"ListItem","position":1,"name":"Accueil","item":"https:\/\/www.sion-avocat.fr\/fr\/"},{"@type":"ListItem","position":2,"name":"Mentions l\u00e9gales"}]},{"@type":"WebSite","@id":"https:\/\/www.sion-avocat.fr\/fr\/#website","url":"https:\/\/www.sion-avocat.fr\/fr\/","name":"Cabinet Ya\u00ebl Sion & ASSOCI\u00c9S","description":"","publisher":{"@id":"https:\/\/www.sion-avocat.fr\/fr\/#organization"},"potentialAction":[{"@type":"SearchAction","target":{"@type":"EntryPoint","urlTemplate":"https:\/\/www.sion-avocat.fr\/fr\/?s={search_term_string}"},"query-input":{"@type":"PropertyValueSpecification","valueRequired":true,"valueName":"search_term_string"}}],"inLanguage":"fr-FR"},{"@type":["Organization","LocalBusiness","LegalService"],"@id":"https:\/\/www.sion-avocat.fr\/fr\/#organization","name":"Cabinet Ya\u00ebl Sion & ASSOCI\u00c9S","url":"https:\/\/www.sion-avocat.fr\/fr\/","logo":{"@type":"ImageObject","inLanguage":"fr-FR","@id":"https:\/\/www.sion-avocat.fr\/fr\/#\/schema\/logo\/image\/","url":"https:\/\/www.sion-avocat.fr\/wp-content\/uploads\/2025\/12\/Cabinet-sion-et-associes-v2.svg","contentUrl":"https:\/\/www.sion-avocat.fr\/wp-content\/uploads\/2025\/12\/Cabinet-sion-et-associes-v2.svg","width":1366,"height":768,"caption":"Cabinet Ya\u00ebl Sion & ASSOCI\u00c9S"},"image":{"@id":"https:\/\/www.sion-avocat.fr\/fr\/#\/schema\/logo\/image\/"},"sameAs":["https:\/\/maps.app.goo.gl\/wgFyjZZdY3JC98nZA","https:\/\/www.linkedin.com\/in\/ya%C3%ABl-sion-0a18091b3\/"],"telephone":"+33465848884","address":{"@type":"PostalAddress","addressCountry":"FR","addressLocality":"Marseille","postalCode":"13008","streetAddress":"565 avenue du Prado"},"openingHours":["Mo-Th 09:00-19:00","Fr 09:00-16:00"],"hasMap":"https:\/\/maps.app.goo.gl\/wgFyjZZdY3JC98nZA","founder":[{"@type":"Person","name":"Ya\u00ebl Sion","jobTitle":"Avocat","worksFor":{"@id":"https:\/\/www.sion-avocat.fr\/fr\/#organization"},"sameAs":["https:\/\/www.linkedin.com\/in\/ya%C3%ABl-sion-0a18091b3\/"]}],"foundingDate":"2015"}]}},"_links":{"self":[{"href":"https:\/\/www.sion-avocat.fr\/fr\/wp-json\/wp\/v2\/pages\/731","targetHints":{"allow":["GET"]}}],"collection":[{"href":"https:\/\/www.sion-avocat.fr\/fr\/wp-json\/wp\/v2\/pages"}],"about":[{"href":"https:\/\/www.sion-avocat.fr\/fr\/wp-json\/wp\/v2\/types\/page"}],"author":[{"embeddable":true,"href":"https:\/\/www.sion-avocat.fr\/fr\/wp-json\/wp\/v2\/users\/3"}],"replies":[{"embeddable":true,"href":"https:\/\/www.sion-avocat.fr\/fr\/wp-json\/wp\/v2\/comments?post=731"}],"version-history":[{"count":0,"href":"https:\/\/www.sion-avocat.fr\/fr\/wp-json\/wp\/v2\/pages\/731\/revisions"}],"wp:attachment":[{"href":"https:\/\/www.sion-avocat.fr\/fr\/wp-json\/wp\/v2\/media?parent=731"}],"curies":[{"name":"wp","href":"https:\/\/api.w.org\/{rel}","templated":true}]}}