{"id":1054,"date":"2026-01-22T09:44:20","date_gmt":"2026-01-22T08:44:20","guid":{"rendered":"https:\/\/www.sion-avocat.fr\/?page_id=1054"},"modified":"2026-03-30T19:02:01","modified_gmt":"2026-03-30T17:02:01","slug":"nos-services","status":"publish","type":"page","link":"https:\/\/www.sion-avocat.fr\/fr\/nos-services\/","title":{"rendered":"Nos services"},"content":{"rendered":"\t\t<div data-elementor-type=\"wp-page\" data-elementor-id=\"1054\" class=\"elementor elementor-1054\" data-elementor-post-type=\"page\">\n\t\t\t\t<div class=\"elementor-element elementor-element-af6170d intro-page e-flex e-con-boxed e-con e-parent\" data-id=\"af6170d\" data-element_type=\"container\" data-e-type=\"container\">\n\t\t\t\t\t<div class=\"e-con-inner\">\n\t\t\t\t<div class=\"elementor-element elementor-element-5cf2469 elementor-widget elementor-widget-text-editor\" data-id=\"5cf2469\" data-element_type=\"widget\" data-e-type=\"widget\" data-widget_type=\"text-editor.default\">\n\t\t\t\t\t\t\t\t\t<p>Au-del\u00e0 de l\u2019assistance contentieuse, le Cabinet Sion AVOCATS &amp; ASSOCI\u00c9S propose des formats d\u2019accompagnement adapt\u00e9s aux enjeux op\u00e9rationnels des dirigeants et des organisations.<\/p><p>L\u2019objectif est d\u2019apporter des rep\u00e8res clairs, une analyse structur\u00e9e et des d\u00e9cisions s\u00e9curis\u00e9es, que ce soit dans une logique de r\u00e9flexion strat\u00e9gique ou de r\u00e9ponse rapide \u00e0 une situation donn\u00e9e.<\/p>\t\t\t\t\t\t\t\t<\/div>\n\t\t\t\t\t<\/div>\n\t\t\t\t<\/div>\n\t\t<div class=\"elementor-element elementor-element-b16933f e-flex e-con-boxed e-con e-parent\" data-id=\"b16933f\" data-element_type=\"container\" data-e-type=\"container\">\n\t\t\t\t\t<div class=\"e-con-inner\">\n\t\t\t\t<div class=\"elementor-element elementor-element-6668570 title-line line-center elementor-widget elementor-widget-heading\" data-id=\"6668570\" data-element_type=\"widget\" data-e-type=\"widget\" data-widget_type=\"heading.default\">\n\t\t\t\t\t<h2 class=\"elementor-heading-title elementor-size-default\">Nos domaines d'expertise<\/h2>\t\t\t\t<\/div>\n\t\t<div class=\"elementor-element elementor-element-5f95cb1 e-con-full icons-container e-flex e-con e-child\" data-id=\"5f95cb1\" data-element_type=\"container\" data-e-type=\"container\">\n\t\t<div class=\"elementor-element elementor-element-49fb38e e-con-full e-flex e-con e-child\" data-id=\"49fb38e\" data-element_type=\"container\" data-e-type=\"container\">\n\t\t<a class=\"elementor-element elementor-element-404356a e-con-full e-flex e-con e-child\" data-id=\"404356a\" data-element_type=\"container\" data-e-type=\"container\" data-settings=\"{&quot;background_background&quot;:&quot;classic&quot;}\" href=\"https:\/\/www.sion-avocat.fr\/fr\/nos-services\/coaching-conseil\/\">\n\t\t\t\t<div class=\"elementor-element elementor-element-1fb9b62 elementor-widget elementor-widget-icon-box\" data-id=\"1fb9b62\" data-element_type=\"widget\" data-e-type=\"widget\" data-widget_type=\"icon-box.default\">\n\t\t\t\t\t\t\t<div class=\"elementor-icon-box-wrapper\">\n\n\t\t\t\n\t\t\t\t\t\t<div class=\"elementor-icon-box-content\">\n\n\t\t\t\t\t\t\t\t\t<h3 class=\"elementor-icon-box-title\">\n\t\t\t\t\t\t<span  >\n\t\t\t\t\t\t\tCoaching &amp; Conseils\t\t\t\t\t\t<\/span>\n\t\t\t\t\t<\/h3>\n\t\t\t\t\n\t\t\t\t\t\t\t\t\t<p class=\"elementor-icon-box-description\">\n\t\t\t\t\t\tFiscalit\u00e9, proc\u00e9dures, risques : les dirigeants doivent arbitrer dans des environnements complexes et incertains.<br><br>\nNous intervenons en coaching, ateliers et s\u00e9ances de conseil pour analyser une situation, s\u00e9curiser une d\u00e9cision et construire un plan d\u2019action clair et op\u00e9rationnel.\t\t\t\t\t<\/p>\n\t\t\t\t\n\t\t\t<\/div>\n\t\t\t\n\t\t<\/div>\n\t\t\t\t\t\t<\/div>\n\t\t\t\t<div class=\"elementor-element elementor-element-b07255d elementor-widget elementor-widget-text-editor\" data-id=\"b07255d\" data-element_type=\"widget\" data-e-type=\"widget\" data-widget_type=\"text-editor.default\">\n\t\t\t\t\t\t\t\t\t<p>Lire plus &gt;<\/p>\t\t\t\t\t\t\t\t<\/div>\n\t\t\t\t<\/a>\n\t\t\t\t<\/div>\n\t\t<div class=\"elementor-element elementor-element-b108363 e-con-full e-flex e-con e-child\" data-id=\"b108363\" data-element_type=\"container\" data-e-type=\"container\">\n\t\t<a class=\"elementor-element elementor-element-f6a9e1e e-con-full e-flex e-con e-child\" data-id=\"f6a9e1e\" data-element_type=\"container\" data-e-type=\"container\" data-settings=\"{&quot;background_background&quot;:&quot;classic&quot;}\" href=\"https:\/\/www.sion-avocat.fr\/fr\/nos-services\/e-avocat-consultation-en-ligne\/\">\n\t\t\t\t<div class=\"elementor-element elementor-element-e567874 elementor-widget elementor-widget-icon-box\" data-id=\"e567874\" data-element_type=\"widget\" data-e-type=\"widget\" data-widget_type=\"icon-box.default\">\n\t\t\t\t\t\t\t<div class=\"elementor-icon-box-wrapper\">\n\n\t\t\t\n\t\t\t\t\t\t<div class=\"elementor-icon-box-content\">\n\n\t\t\t\t\t\t\t\t\t<h3 class=\"elementor-icon-box-title\">\n\t\t\t\t\t\t<span  >\n\t\t\t\t\t\t\tConsultation en ligne\t\t\t\t\t\t<\/span>\n\t\t\t\t\t<\/h3>\n\t\t\t\t\n\t\t\t\t\t\t\t\t\t<p class=\"elementor-icon-box-description\">\n\t\t\t\t\t\tBesoin d\u2019un avis rapide, d\u2019un \u00e9clairage juridique ou d\u2019une strat\u00e9gie avant d\u2019agir ?<br><br>\nLa consultation en ligne avec Ya\u00ebl Sion AVOCATS &amp; ASSOCI\u00c9S permet d\u2019obtenir, sans d\u00e9placement, soit un diagnostic clair en visioconf\u00e9rence, soit une r\u00e9ponse \u00e9crite structur\u00e9e, directement exploitable.\t\t\t\t\t<\/p>\n\t\t\t\t\n\t\t\t<\/div>\n\t\t\t\n\t\t<\/div>\n\t\t\t\t\t\t<\/div>\n\t\t\t\t<div class=\"elementor-element elementor-element-a65c736 elementor-widget elementor-widget-text-editor\" data-id=\"a65c736\" data-element_type=\"widget\" data-e-type=\"widget\" data-widget_type=\"text-editor.default\">\n\t\t\t\t\t\t\t\t\t<p>Lire plus &gt;<\/p>\t\t\t\t\t\t\t\t<\/div>\n\t\t\t\t<\/a>\n\t\t\t\t<\/div>\n\t\t\t\t<\/div>\n\t\t\t\t\t<\/div>\n\t\t\t\t<\/div>\n\t\t<div class=\"elementor-element elementor-element-c1b8a1f e-con-full e-flex e-con e-child\" data-id=\"c1b8a1f\" data-element_type=\"container\" data-e-type=\"container\" data-settings=\"{&quot;background_background&quot;:&quot;classic&quot;}\">\n\t\t\t\t<div class=\"elementor-element elementor-element-31313af elementor-widget elementor-widget-heading\" data-id=\"31313af\" data-element_type=\"widget\" data-e-type=\"widget\" data-widget_type=\"heading.default\">\n\t\t\t\t\t<h2 class=\"elementor-heading-title elementor-size-default\">Plus d'informations<\/h2>\t\t\t\t<\/div>\n\t\t\t\t<div class=\"elementor-element elementor-element-0465a1e elementor-widget__width-initial elementor-widget-mobile__width-inherit elementor-widget elementor-widget-text-editor\" data-id=\"0465a1e\" data-element_type=\"widget\" data-e-type=\"widget\" data-widget_type=\"text-editor.default\">\n\t\t\t\t\t\t\t\t\t<p>Vous souhaitez plus d&rsquo;informations sur nos services ? Le Cabinet Sion AVOCATS &amp; ASSOCI\u00c9S est \u00e0 votre disposition pour \u00e9changer et r\u00e9pondre \u00e0 vos questions.<\/p>\t\t\t\t\t\t\t\t<\/div>\n\t\t<div class=\"elementor-element elementor-element-1e70265 e-con-full e-flex e-con e-child\" data-id=\"1e70265\" data-element_type=\"container\" data-e-type=\"container\">\n\t\t\t\t<div class=\"elementor-element elementor-element-d931878 elementor-align-left elementor-widget elementor-widget-button\" data-id=\"d931878\" data-element_type=\"widget\" data-e-type=\"widget\" data-widget_type=\"button.default\">\n\t\t\t\t\t\t\t\t\t\t<a class=\"elementor-button elementor-button-link elementor-size-sm\" href=\"tel:+33465848884\">\n\t\t\t\t\t\t<span class=\"elementor-button-content-wrapper\">\n\t\t\t\t\t\t<span class=\"elementor-button-icon\">\n\t\t\t\t<svg aria-hidden=\"true\" class=\"e-font-icon-svg e-fas-phone-alt\" viewBox=\"0 0 512 512\" xmlns=\"http:\/\/www.w3.org\/2000\/svg\"><path d=\"M497.39 361.8l-112-48a24 24 0 0 0-28 6.9l-49.6 60.6A370.66 370.66 0 0 1 130.6 204.11l60.6-49.6a23.94 23.94 0 0 0 6.9-28l-48-112A24.16 24.16 0 0 0 122.6.61l-104 24A24 24 0 0 0 0 48c0 256.5 207.9 464 464 464a24 24 0 0 0 23.4-18.6l24-104a24.29 24.29 0 0 0-14.01-27.6z\"><\/path><\/svg>\t\t\t<\/span>\n\t\t\t\t\t\t\t\t\t<span class=\"elementor-button-text\">Nous appeler<\/span>\n\t\t\t\t\t<\/span>\n\t\t\t\t\t<\/a>\n\t\t\t\t\t\t\t\t<\/div>\n\t\t\t\t<div class=\"elementor-element elementor-element-231889c elementor-align-left elementor-widget elementor-widget-button\" data-id=\"231889c\" data-element_type=\"widget\" data-e-type=\"widget\" data-widget_type=\"button.default\">\n\t\t\t\t\t\t\t\t\t\t<a class=\"elementor-button elementor-button-link elementor-size-sm\" href=\"https:\/\/www.sion-avocat.fr\/fr\/contact\/\">\n\t\t\t\t\t\t<span class=\"elementor-button-content-wrapper\">\n\t\t\t\t\t\t<span class=\"elementor-button-icon\">\n\t\t\t\t<svg aria-hidden=\"true\" class=\"e-font-icon-svg e-far-envelope\" viewBox=\"0 0 512 512\" xmlns=\"http:\/\/www.w3.org\/2000\/svg\"><path d=\"M464 64H48C21.49 64 0 85.49 0 112v288c0 26.51 21.49 48 48 48h416c26.51 0 48-21.49 48-48V112c0-26.51-21.49-48-48-48zm0 48v40.805c-22.422 18.259-58.168 46.651-134.587 106.49-16.841 13.247-50.201 45.072-73.413 44.701-23.208.375-56.579-31.459-73.413-44.701C106.18 199.465 70.425 171.067 48 152.805V112h416zM48 400V214.398c22.914 18.251 55.409 43.862 104.938 82.646 21.857 17.205 60.134 55.186 103.062 54.955 42.717.231 80.509-37.199 103.053-54.947 49.528-38.783 82.032-64.401 104.947-82.653V400H48z\"><\/path><\/svg>\t\t\t<\/span>\n\t\t\t\t\t\t\t\t\t<span class=\"elementor-button-text\">Nous \u00e9crire<\/span>\n\t\t\t\t\t<\/span>\n\t\t\t\t\t<\/a>\n\t\t\t\t\t\t\t\t<\/div>\n\t\t\t\t<\/div>\n\t\t\t\t<\/div>\n\t\t\t\t<\/div>\n\t\t","protected":false},"excerpt":{"rendered":"<p>Au-del\u00e0 de l\u2019assistance contentieuse, le Cabinet Sion AVOCATS &amp; ASSOCI\u00c9S propose des formats d\u2019accompagnement adapt\u00e9s aux enjeux op\u00e9rationnels des dirigeants et des organisations. L\u2019objectif est d\u2019apporter des rep\u00e8res clairs, une analyse structur\u00e9e et des d\u00e9cisions s\u00e9curis\u00e9es, que ce soit dans une logique de r\u00e9flexion strat\u00e9gique ou de r\u00e9ponse rapide \u00e0 une situation donn\u00e9e. Nos domaines [&hellip;]<\/p>\n","protected":false},"author":3,"featured_media":0,"parent":0,"menu_order":0,"comment_status":"closed","ping_status":"closed","template":"","meta":{"_acf_changed":false,"footnotes":""},"class_list":["post-1054","page","type-page","status-publish","hentry"],"acf":[],"yoast_head":"<!-- This site is optimized with the Yoast SEO plugin v27.2 - https:\/\/yoast.com\/product\/yoast-seo-wordpress\/ -->\n<title>Nos services | Conseil juridique, coaching et consultation en ligne<\/title>\n<meta name=\"description\" content=\"Le cabinet propose des services de coaching juridique, de conseil strat\u00e9gique et de consultation en ligne pour accompagner les d\u00e9cisions des dirigeants et s\u00e9curiser leurs enjeux.\" \/>\n<meta name=\"robots\" content=\"index, follow, max-snippet:-1, max-image-preview:large, max-video-preview:-1\" \/>\n<link rel=\"canonical\" href=\"https:\/\/www.sion-avocat.fr\/fr\/nos-services\/\" \/>\n<meta property=\"og:locale\" content=\"fr_FR\" \/>\n<meta property=\"og:type\" content=\"article\" \/>\n<meta property=\"og:title\" content=\"Nos services | Conseil juridique, coaching et consultation en ligne\" \/>\n<meta property=\"og:description\" content=\"Le cabinet propose des services de coaching juridique, de conseil strat\u00e9gique et de consultation en ligne pour accompagner les d\u00e9cisions des dirigeants et s\u00e9curiser leurs enjeux.\" \/>\n<meta property=\"og:url\" content=\"https:\/\/www.sion-avocat.fr\/fr\/nos-services\/\" \/>\n<meta property=\"og:site_name\" content=\"Cabinet Sion AVOCATS &amp; ASSOCI\u00c9S\" \/>\n<meta property=\"article:publisher\" content=\"https:\/\/maps.app.goo.gl\/wgFyjZZdY3JC98nZA\" \/>\n<meta property=\"article:modified_time\" content=\"2026-03-30T17:02:01+00:00\" \/>\n<meta name=\"twitter:card\" content=\"summary_large_image\" \/>\n<meta name=\"twitter:label1\" content=\"Dur\u00e9e de lecture estim\u00e9e\" \/>\n\t<meta name=\"twitter:data1\" content=\"1 minute\" \/>\n<script type=\"application\/ld+json\" class=\"yoast-schema-graph\">{\"@context\":\"https:\/\/schema.org\",\"@graph\":[{\"@type\":\"WebPage\",\"@id\":\"https:\/\/www.sion-avocat.fr\/fr\/nos-services\/\",\"url\":\"https:\/\/www.sion-avocat.fr\/fr\/nos-services\/\",\"name\":\"Nos services | Conseil juridique, coaching et consultation en ligne\",\"isPartOf\":{\"@id\":\"https:\/\/www.sion-avocat.fr\/fr\/#website\"},\"datePublished\":\"2026-01-22T08:44:20+00:00\",\"dateModified\":\"2026-03-30T17:02:01+00:00\",\"description\":\"Le cabinet propose des services de coaching juridique, de conseil strat\u00e9gique et de consultation en ligne pour accompagner les d\u00e9cisions des dirigeants et s\u00e9curiser leurs enjeux.\",\"breadcrumb\":{\"@id\":\"https:\/\/www.sion-avocat.fr\/fr\/nos-services\/#breadcrumb\"},\"inLanguage\":\"fr-FR\",\"potentialAction\":[{\"@type\":\"ReadAction\",\"target\":[\"https:\/\/www.sion-avocat.fr\/fr\/nos-services\/\"]}]},{\"@type\":\"BreadcrumbList\",\"@id\":\"https:\/\/www.sion-avocat.fr\/fr\/nos-services\/#breadcrumb\",\"itemListElement\":[{\"@type\":\"ListItem\",\"position\":1,\"name\":\"Accueil\",\"item\":\"https:\/\/www.sion-avocat.fr\/fr\/\"},{\"@type\":\"ListItem\",\"position\":2,\"name\":\"Nos services\"}]},{\"@type\":\"WebSite\",\"@id\":\"https:\/\/www.sion-avocat.fr\/fr\/#website\",\"url\":\"https:\/\/www.sion-avocat.fr\/fr\/\",\"name\":\"Cabinet Ya\u00ebl Sion & ASSOCI\u00c9S\",\"description\":\"\",\"publisher\":{\"@id\":\"https:\/\/www.sion-avocat.fr\/fr\/#organization\"},\"potentialAction\":[{\"@type\":\"SearchAction\",\"target\":{\"@type\":\"EntryPoint\",\"urlTemplate\":\"https:\/\/www.sion-avocat.fr\/fr\/?s={search_term_string}\"},\"query-input\":{\"@type\":\"PropertyValueSpecification\",\"valueRequired\":true,\"valueName\":\"search_term_string\"}}],\"inLanguage\":\"fr-FR\"},{\"@type\":[\"Organization\",\"LocalBusiness\",\"LegalService\"],\"@id\":\"https:\/\/www.sion-avocat.fr\/fr\/#organization\",\"name\":\"Cabinet Ya\u00ebl Sion & ASSOCI\u00c9S\",\"url\":\"https:\/\/www.sion-avocat.fr\/fr\/\",\"logo\":{\"@type\":\"ImageObject\",\"inLanguage\":\"fr-FR\",\"@id\":\"https:\/\/www.sion-avocat.fr\/fr\/#\/schema\/logo\/image\/\",\"url\":\"https:\/\/www.sion-avocat.fr\/wp-content\/uploads\/2025\/12\/Cabinet-sion-et-associes-v2.svg\",\"contentUrl\":\"https:\/\/www.sion-avocat.fr\/wp-content\/uploads\/2025\/12\/Cabinet-sion-et-associes-v2.svg\",\"width\":1366,\"height\":768,\"caption\":\"Cabinet Ya\u00ebl Sion & ASSOCI\u00c9S\"},\"image\":{\"@id\":\"https:\/\/www.sion-avocat.fr\/fr\/#\/schema\/logo\/image\/\"},\"sameAs\":[\"https:\/\/maps.app.goo.gl\/wgFyjZZdY3JC98nZA\",\"https:\/\/www.linkedin.com\/in\/ya%C3%ABl-sion-0a18091b3\/\"],\"telephone\":\"+33465848884\",\"address\":{\"@type\":\"PostalAddress\",\"addressCountry\":\"FR\",\"addressLocality\":\"Marseille\",\"postalCode\":\"13008\",\"streetAddress\":\"565 avenue du Prado\"},\"openingHours\":[\"Mo-Th 09:00-19:00\",\"Fr 09:00-16:00\"],\"hasMap\":\"https:\/\/maps.app.goo.gl\/wgFyjZZdY3JC98nZA\",\"founder\":[{\"@type\":\"Person\",\"name\":\"Ya\u00ebl Sion\",\"jobTitle\":\"Avocat\",\"worksFor\":{\"@id\":\"https:\/\/www.sion-avocat.fr\/fr\/#organization\"},\"sameAs\":[\"https:\/\/www.linkedin.com\/in\/ya%C3%ABl-sion-0a18091b3\/\"]}],\"foundingDate\":\"2015\"}]}<\/script>\n<!-- \/ Yoast SEO plugin. -->","yoast_head_json":{"title":"Nos services | Conseil juridique, coaching et consultation en ligne","description":"Le cabinet propose des services de coaching juridique, de conseil strat\u00e9gique et de consultation en ligne pour accompagner les d\u00e9cisions des dirigeants et s\u00e9curiser leurs enjeux.","robots":{"index":"index","follow":"follow","max-snippet":"max-snippet:-1","max-image-preview":"max-image-preview:large","max-video-preview":"max-video-preview:-1"},"canonical":"https:\/\/www.sion-avocat.fr\/fr\/nos-services\/","og_locale":"fr_FR","og_type":"article","og_title":"Nos services | Conseil juridique, coaching et consultation en ligne","og_description":"Le cabinet propose des services de coaching juridique, de conseil strat\u00e9gique et de consultation en ligne pour accompagner les d\u00e9cisions des dirigeants et s\u00e9curiser leurs enjeux.","og_url":"https:\/\/www.sion-avocat.fr\/fr\/nos-services\/","og_site_name":"Cabinet Sion AVOCATS &amp; ASSOCI\u00c9S","article_publisher":"https:\/\/maps.app.goo.gl\/wgFyjZZdY3JC98nZA","article_modified_time":"2026-03-30T17:02:01+00:00","twitter_card":"summary_large_image","twitter_misc":{"Dur\u00e9e de lecture estim\u00e9e":"1 minute"},"schema":{"@context":"https:\/\/schema.org","@graph":[{"@type":"WebPage","@id":"https:\/\/www.sion-avocat.fr\/fr\/nos-services\/","url":"https:\/\/www.sion-avocat.fr\/fr\/nos-services\/","name":"Nos services | Conseil juridique, coaching et consultation en ligne","isPartOf":{"@id":"https:\/\/www.sion-avocat.fr\/fr\/#website"},"datePublished":"2026-01-22T08:44:20+00:00","dateModified":"2026-03-30T17:02:01+00:00","description":"Le cabinet propose des services de coaching juridique, de conseil strat\u00e9gique et de consultation en ligne pour accompagner les d\u00e9cisions des dirigeants et s\u00e9curiser leurs enjeux.","breadcrumb":{"@id":"https:\/\/www.sion-avocat.fr\/fr\/nos-services\/#breadcrumb"},"inLanguage":"fr-FR","potentialAction":[{"@type":"ReadAction","target":["https:\/\/www.sion-avocat.fr\/fr\/nos-services\/"]}]},{"@type":"BreadcrumbList","@id":"https:\/\/www.sion-avocat.fr\/fr\/nos-services\/#breadcrumb","itemListElement":[{"@type":"ListItem","position":1,"name":"Accueil","item":"https:\/\/www.sion-avocat.fr\/fr\/"},{"@type":"ListItem","position":2,"name":"Nos services"}]},{"@type":"WebSite","@id":"https:\/\/www.sion-avocat.fr\/fr\/#website","url":"https:\/\/www.sion-avocat.fr\/fr\/","name":"Cabinet Ya\u00ebl Sion & ASSOCI\u00c9S","description":"","publisher":{"@id":"https:\/\/www.sion-avocat.fr\/fr\/#organization"},"potentialAction":[{"@type":"SearchAction","target":{"@type":"EntryPoint","urlTemplate":"https:\/\/www.sion-avocat.fr\/fr\/?s={search_term_string}"},"query-input":{"@type":"PropertyValueSpecification","valueRequired":true,"valueName":"search_term_string"}}],"inLanguage":"fr-FR"},{"@type":["Organization","LocalBusiness","LegalService"],"@id":"https:\/\/www.sion-avocat.fr\/fr\/#organization","name":"Cabinet Ya\u00ebl Sion & ASSOCI\u00c9S","url":"https:\/\/www.sion-avocat.fr\/fr\/","logo":{"@type":"ImageObject","inLanguage":"fr-FR","@id":"https:\/\/www.sion-avocat.fr\/fr\/#\/schema\/logo\/image\/","url":"https:\/\/www.sion-avocat.fr\/wp-content\/uploads\/2025\/12\/Cabinet-sion-et-associes-v2.svg","contentUrl":"https:\/\/www.sion-avocat.fr\/wp-content\/uploads\/2025\/12\/Cabinet-sion-et-associes-v2.svg","width":1366,"height":768,"caption":"Cabinet Ya\u00ebl Sion & ASSOCI\u00c9S"},"image":{"@id":"https:\/\/www.sion-avocat.fr\/fr\/#\/schema\/logo\/image\/"},"sameAs":["https:\/\/maps.app.goo.gl\/wgFyjZZdY3JC98nZA","https:\/\/www.linkedin.com\/in\/ya%C3%ABl-sion-0a18091b3\/"],"telephone":"+33465848884","address":{"@type":"PostalAddress","addressCountry":"FR","addressLocality":"Marseille","postalCode":"13008","streetAddress":"565 avenue du Prado"},"openingHours":["Mo-Th 09:00-19:00","Fr 09:00-16:00"],"hasMap":"https:\/\/maps.app.goo.gl\/wgFyjZZdY3JC98nZA","founder":[{"@type":"Person","name":"Ya\u00ebl Sion","jobTitle":"Avocat","worksFor":{"@id":"https:\/\/www.sion-avocat.fr\/fr\/#organization"},"sameAs":["https:\/\/www.linkedin.com\/in\/ya%C3%ABl-sion-0a18091b3\/"]}],"foundingDate":"2015"}]}},"_links":{"self":[{"href":"https:\/\/www.sion-avocat.fr\/fr\/wp-json\/wp\/v2\/pages\/1054","targetHints":{"allow":["GET"]}}],"collection":[{"href":"https:\/\/www.sion-avocat.fr\/fr\/wp-json\/wp\/v2\/pages"}],"about":[{"href":"https:\/\/www.sion-avocat.fr\/fr\/wp-json\/wp\/v2\/types\/page"}],"author":[{"embeddable":true,"href":"https:\/\/www.sion-avocat.fr\/fr\/wp-json\/wp\/v2\/users\/3"}],"replies":[{"embeddable":true,"href":"https:\/\/www.sion-avocat.fr\/fr\/wp-json\/wp\/v2\/comments?post=1054"}],"version-history":[{"count":0,"href":"https:\/\/www.sion-avocat.fr\/fr\/wp-json\/wp\/v2\/pages\/1054\/revisions"}],"wp:attachment":[{"href":"https:\/\/www.sion-avocat.fr\/fr\/wp-json\/wp\/v2\/media?parent=1054"}],"curies":[{"name":"wp","href":"https:\/\/api.w.org\/{rel}","templated":true}]}}